{"id":13478,"date":"2026-05-14T00:21:13","date_gmt":"2026-05-14T00:21:13","guid":{"rendered":"https:\/\/katavento.pt\/?page_id=13478"},"modified":"2026-05-14T00:21:14","modified_gmt":"2026-05-14T00:21:14","slug":"katavento-pt-tratar-o-equipamento-de-kitesurf","status":"publish","type":"page","link":"https:\/\/katavento.pt\/en\/katavento-pt-tratar-o-equipamento-de-kitesurf\/","title":{"rendered":"Tratar o Equipamento de Kitesurf (1)"},"content":{"rendered":"<div class=\"brz-root__container brz-reset-all brz brz-root__container-page\">\n<section id=\"e3e4cb87f84c565c9d16_jGvK59Dx0Xoq\" class=\"brz-section brz-css-1yvpef0 brz-css-18zdt0y\">\n<div class=\"brz-section__content brz-section--fullWidth brz-css-htdzlo brz-css-htliyz\" data-brz-custom-id=\"xNaI91rQyLl1\">\n<div class=\"brz-bg\">\n<div class=\"brz-bg-image\"><\/div>\n<div class=\"brz-bg-color\"><\/div>\n<\/div>\n<div class=\"brz-container brz-css-1diohrh brz-css-10g050b\">\n<div class=\"brz-row__container brz-css-i74k61 brz-css-1x2d3s2\" data-brz-custom-id=\"feRa1QCYsXJY\">\n<div class=\"brz-row brz-css-13fkt4v brz-css-1q03p34 brz-css-1bck79k\">\n<div class=\"brz-columns brz-css-attvig brz-css-ueifvz\" data-brz-custom-id=\"nxc1zGIzhz1_\">\n<div class=\"brz-column__items brz-css-7vhdti brz-css-y2eovr\">\n<div id=\"\" class=\"brz-css-9bmc9i brz-css-1gyl4r brz-css-krq3su brz-wrapper\">\n<div class=\"brz-spacer brz-css-1iqpt7z brz-css-193jlfm\"><\/div>\n<\/div>\n<div id=\"\" class=\"brz-css-9bmc9i brz-css-1o4cp17 brz-wrapper\">\n<div class=\"brz-rich-text brz-rich-text__custom brz-css-1kwab3w brz-css-1f4xeyc\" data-brz-custom-id=\"wMvDXYLmXreK\">\n<div data-brz-translate-text=\"1\">\n<h2 class=\"brz-mb-xs-0 brz-tp-lg-heading2 brz-text-lg-right brz-mb-lg-5 brz-css-rOW7z\" data-generated-css=\"brz-css-vDIGR\" data-uniq-id=\"dfA0C\"><strong class=\"brz-cp-color8\" style=\"opacity: 1; text-shadow: rgba(68, 68, 68, 0) 0px 0px 0px;\">How to Take Care<\/strong><\/h2>\n<h2 class=\"brz-mb-xs-0 brz-tp-lg-heading2 brz-text-lg-right brz-css-vfK_k\" data-generated-css=\"brz-css-mZCrc\" data-uniq-id=\"qiksP\"><strong class=\"brz-cp-color8\" style=\"opacity: 1; text-shadow: rgba(68, 68, 68, 0) 0px 0px 0px;\">of <\/strong><strong style=\"opacity: 1; text-shadow: rgba(68, 68, 68, 0) 0px 0px 0px;\" class=\"brz-cp-color5\">Kitesurf Equipment<\/strong><\/h2>\n<\/div>\n<\/div>\n<\/div>\n<\/div>\n<\/div>\n<\/div>\n<\/div>\n<\/div>\n<\/div>\n<\/section>\n<section id=\"851399fc9be98c24c7a5_wdxggfkrzileqnpqxykjwvkadctwxwommbzo\" class=\"brz-section brz-css-1yvpef0 brz-css-txfrz\">\n<div class=\"brz-section__content brz-section--fullWidth brz-css-htdzlo brz-css-1jnx51z\" data-brz-custom-id=\"jisncinkdvkcpbcmkaecgcigxxgrdtthlqby\">\n<div class=\"brz-bg\">\n<div class=\"brz-bg-image\"><\/div>\n<\/div>\n<div class=\"brz-container brz-css-1diohrh brz-css-1dvziqx\">\n<div class=\"brz-row__container brz-css-i74k61 brz-css-1ps6hrp\" data-brz-custom-id=\"nvjjzfmjkfvvfhgjnpomhdbgdrqjjmxfexav\">\n<div class=\"brz-row brz-css-13fkt4v brz-css-1uo07yu\">\n<div class=\"brz-columns brz-css-attvig brz-css-dl52ul\" data-brz-custom-id=\"jyrprupfsevaibkzuatddsogrworanjqyuit\">\n<div class=\"brz-column__items brz-css-7vhdti brz-css-ssv8xt\">\n<div id=\"\" class=\"brz-css-9bmc9i brz-css-eqv0ta brz-wrapper\">\n<div class=\"brz-rich-text brz-rich-text__custom brz-css-1kwab3w brz-css-aknirg\" data-brz-custom-id=\"xbugqnrlewqgjdiytrkhqzoxidqzdepcasgc\">\n<div data-brz-translate-text=\"1\">\n<p class=\"brz-mb-lg-0,15 brz-fw-lg-600,500 brz-ls-lg-m_0_9,m_0_8 brz-lh-lg-1,1_3 brz-ff-rubik brz-ft-google brz-fs-lg-27 brz-fss-lg-px brz-tp-lg-psrciusbdvledwcawqqhuqnrujywvrdebyoz brz-css-z_j14\" data-generated-css=\"brz-css-rX3qP\" data-uniq-id=\"kRxJn\"><span class=\"brz-cp-color2\" style=\"opacity: 1;\">Here are some tips on how to properly take care of your kitesurf equipment.<\/span><\/p>\n<p class=\"brz-lh-lg-1_3 brz-ls-lg-m_0_8 brz-fw-lg-500 brz-fss-lg-px brz-fs-lg-27 brz-ft-google brz-ff-rubik brz-mb-lg-15 brz-tp-lg-psrciusbdvledwcawqqhuqnrujywvrdebyoz brz-css-olx9q\" data-generated-css=\"brz-css-a9ME1\" data-uniq-id=\"ori3a\"><span class=\"brz-cp-color2\" style=\"opacity: 1;\">Incorporate as many of these tips as possible to maximize the lifespan of your gear.<\/span><\/p>\n<\/div>\n<\/div>\n<\/div>\n<\/div>\n<\/div>\n<\/div>\n<\/div>\n<div class=\"brz-row__container brz-css-i74k61 brz-css-xla3ds\" data-brz-custom-id=\"mlxyfzsxdxtmdxrxqtizvvumrfkjyqbtwqnx\">\n<div class=\"brz-row brz-css-13fkt4v brz-css-1ov8lge\">\n<div class=\"brz-columns brz-css-attvig brz-css-8p2tr\" data-brz-custom-id=\"xcepglqdwjdkbuwjqkppuzjsayqiltekqjwf\">\n<div class=\"brz-column__items brz-css-7vhdti brz-css-16yb6kj\">\n<div id=\"\" class=\"brz-css-9bmc9i brz-css-1upt0a4 brz-wrapper\">\n<div class=\"brz-rich-text brz-rich-text__custom brz-css-1kwab3w brz-css-12exov4\" data-brz-custom-id=\"koxuzyergnivsqbbnpidbsvlzitzybclvfuu\">\n<div data-brz-translate-text=\"1\">\n<p class=\"brz-text-lg-left brz-tp-lg-paragraph brz-mb-lg-0 brz-css-mp7My\" data-generated-css=\"brz-css-s8v2D,brz-css-uPbR2,brz-css-wVAYh,brz-css-jmNAf,brz-css-iEEBk,brz-css-civPi,brz-css-l_DZm,brz-css-ulbnY,brz-css-xGlKv\" data-uniq-id=\"nxzjf,rGuYy,x2h0O,xUYVn,aX0w5,uvXvc,exEw5,hYH7P,rhSZK\"><span class=\"brz-cp-color7\" style=\"color: rgb(28, 28, 28); opacity: 1;\">If you&#8217;re not using your kite, protect it from the sun. Over time, sunlight fades and weakens the fabric and seams. Under intense heat, overinflated bladders may burst.<\/span><\/p>\n<p class=\"brz-text-lg-left brz-tp-lg-paragraph brz-mb-lg-0 brz-css-kT2r0\" data-generated-css=\"brz-css-s8v2D,brz-css-uPbR2,brz-css-wVAYh,brz-css-jmNAf,brz-css-iEEBk,brz-css-civPi,brz-css-l_DZm,brz-css-ulbnY,brz-css-xGlKv\" data-uniq-id=\"nxzjf,rGuYy,x2h0O,xUYVn,aX0w5,uvXvc,exEw5,hYH7P,rhSZK\"><\/p>\n<p class=\"brz-text-lg-left brz-tp-lg-paragraph brz-mb-lg-0 brz-css-rGLA6\" data-generated-css=\"brz-css-s8v2D,brz-css-uPbR2,brz-css-wVAYh,brz-css-jmNAf,brz-css-iEEBk,brz-css-civPi,brz-css-l_DZm,brz-css-ulbnY,brz-css-xGlKv\" data-uniq-id=\"nxzjf,rGuYy,x2h0O,xUYVn,aX0w5,uvXvc,exEw5,hYH7P,rhSZK\"><span class=\"brz-cp-color7\" style=\"color: rgb(28, 28, 28); opacity: 1;\">Untie any knots in your lines before flying your kite. Knots weaken the lines and can cause them to snap.<\/span><\/p>\n<p class=\"brz-text-lg-left brz-tp-lg-paragraph brz-mb-lg-0 brz-css-nbO9G\" data-generated-css=\"brz-css-s8v2D,brz-css-uPbR2,brz-css-wVAYh,brz-css-jmNAf,brz-css-iEEBk,brz-css-civPi,brz-css-l_DZm,brz-css-ulbnY,brz-css-xGlKv\" data-uniq-id=\"nxzjf,rGuYy,x2h0O,xUYVn,aX0w5,uvXvc,exEw5,hYH7P,rhSZK\"><\/p>\n<p class=\"brz-text-lg-left brz-tp-lg-paragraph brz-mb-lg-0 brz-css-mmarY\" data-generated-css=\"brz-css-s8v2D,brz-css-uPbR2,brz-css-wVAYh,brz-css-jmNAf,brz-css-iEEBk,brz-css-civPi,brz-css-l_DZm,brz-css-ulbnY,brz-css-xGlKv\" data-uniq-id=\"nxzjf,rGuYy,x2h0O,xUYVn,aX0w5,uvXvc,exEw5,hYH7P,rhSZK\"><span class=\"brz-cp-color7\" style=\"color: rgb(28, 28, 28); opacity: 1;\">Hard crashes of the kite on the ground or water can burst bladders or tear the fabric. If a crash is unavoidable and you&#8217;re using a safety leash, release the bar to reduce the impact.<\/span><\/p>\n<p class=\"brz-text-lg-left brz-tp-lg-paragraph brz-mb-lg-0 brz-css-pRoTY\" data-generated-css=\"brz-css-s8v2D,brz-css-uPbR2,brz-css-wVAYh,brz-css-jmNAf,brz-css-iEEBk,brz-css-civPi,brz-css-l_DZm,brz-css-ulbnY,brz-css-xGlKv\" data-uniq-id=\"nxzjf,rGuYy,x2h0O,xUYVn,aX0w5,uvXvc,exEw5,hYH7P,rhSZK\"><\/p>\n<p class=\"brz-text-lg-left brz-tp-lg-paragraph brz-mb-lg-0 brz-css-pII4J\" data-generated-css=\"brz-css-s8v2D,brz-css-uPbR2,brz-css-wVAYh,brz-css-jmNAf,brz-css-iEEBk,brz-css-civPi,brz-css-l_DZm,brz-css-ulbnY,brz-css-xGlKv\" data-uniq-id=\"nxzjf,rGuYy,x2h0O,xUYVn,aX0w5,uvXvc,exEw5,hYH7P,rhSZK\"><span class=\"brz-cp-color7\" style=\"color: rgb(28, 28, 28); opacity: 1;\">On the beach, don\u2019t expose the bladders or open the bladders\u2019 chambers. Sand is very abrasive and, under pressure, can cause micro punctures in the bladders. Also avoid letting water or sand enter through the valves\u2014always keep them tightly closed.<\/span><\/p>\n<p class=\"brz-text-lg-left brz-tp-lg-paragraph brz-mb-lg-0 brz-css-cEwa8\" data-generated-css=\"brz-css-s8v2D,brz-css-uPbR2,brz-css-wVAYh,brz-css-jmNAf,brz-css-iEEBk,brz-css-civPi,brz-css-l_DZm,brz-css-ulbnY,brz-css-xGlKv\" data-uniq-id=\"nxzjf,rGuYy,x2h0O,xUYVn,aX0w5,uvXvc,exEw5,hYH7P,rhSZK\"><\/p>\n<p class=\"brz-text-lg-left brz-tp-lg-paragraph brz-mb-lg-0 brz-css-oPviF\" data-generated-css=\"brz-css-xGlKv\" data-uniq-id=\"rhSZK\"><span class=\"brz-cp-color7\" style=\"color: rgb(28, 28, 28); opacity: 1;\">If your kite tears, stop your session and have it repaired (we offer this service). Otherwise, the tear will expand and could make the kite unusable.<\/span><\/p>\n<\/div>\n<\/div>\n<\/div>\n<\/div>\n<\/div>\n<div class=\"brz-columns brz-css-attvig brz-css-aaqxcl\" data-brz-custom-id=\"adjqgqsgcxslegfrrszreafhangntvpwiuhw\">\n<div class=\"brz-column__items brz-css-7vhdti brz-css-t02hu\">\n<div id=\"\" class=\"brz-css-9bmc9i brz-css-1wtfgkv brz-wrapper\">\n<div class=\"brz-rich-text brz-rich-text__custom brz-css-1kwab3w brz-css-ighro5\" data-brz-custom-id=\"mivmytoegtxsmtjuzowuwbdqcfbzxilmrpym\">\n<div data-brz-translate-text=\"1\">\n<p class=\"brz-tp-lg-paragraph brz-css-ujNo6\" data-generated-css=\"brz-css-eeGMt,brz-css-eDXuJ,brz-css-vGLYx,brz-css-ql1z4,brz-css-foDu8,brz-css-zRNH8,brz-css-jfyaT,brz-css-fGkDr,brz-css-iYGTh\" data-uniq-id=\"x34Ox,aF68E,yVcP9,j31Gu,xNUlN,bZECp,eFxqB,jZan4,yM8o2\"><span class=\"brz-cp-color7\" style=\"opacity: 1; color: rgb(28, 28, 28);\">After each session, always rinse your bar and lines with fresh water and let them dry in the shade.<\/span><\/p>\n<p class=\"brz-tp-lg-paragraph brz-css-oRJ8w\" data-generated-css=\"brz-css-eeGMt,brz-css-eDXuJ,brz-css-vGLYx,brz-css-ql1z4,brz-css-foDu8,brz-css-zRNH8,brz-css-jfyaT,brz-css-fGkDr,brz-css-iYGTh\" data-uniq-id=\"x34Ox,aF68E,yVcP9,j31Gu,xNUlN,bZECp,eFxqB,jZan4,yM8o2\"><\/p>\n<p class=\"brz-tp-lg-paragraph brz-css-pMAId\" data-generated-css=\"brz-css-eeGMt,brz-css-eDXuJ,brz-css-vGLYx,brz-css-ql1z4,brz-css-foDu8,brz-css-zRNH8,brz-css-jfyaT,brz-css-fGkDr,brz-css-iYGTh\" data-uniq-id=\"x34Ox,aF68E,yVcP9,j31Gu,xNUlN,bZECp,eFxqB,jZan4,yM8o2\"><span class=\"brz-cp-color7\" style=\"opacity: 1; color: rgb(28, 28, 28);\">Wrap the lines in a figure-eight (\u201c8\u201d) pattern so they don\u2019t get twisted. Twisted lines tangle more easily.<\/span><\/p>\n<p class=\"brz-tp-lg-paragraph brz-css-oBCwx\" data-generated-css=\"brz-css-eeGMt,brz-css-eDXuJ,brz-css-vGLYx,brz-css-ql1z4,brz-css-foDu8,brz-css-zRNH8,brz-css-jfyaT,brz-css-fGkDr,brz-css-iYGTh\" data-uniq-id=\"x34Ox,aF68E,yVcP9,j31Gu,xNUlN,bZECp,eFxqB,jZan4,yM8o2\"><\/p>\n<p class=\"brz-tp-lg-paragraph brz-css-uhTt2\" data-generated-css=\"brz-css-eeGMt,brz-css-eDXuJ,brz-css-vGLYx,brz-css-ql1z4,brz-css-foDu8,brz-css-zRNH8,brz-css-jfyaT,brz-css-fGkDr,brz-css-iYGTh\" data-uniq-id=\"x34Ox,aF68E,yVcP9,j31Gu,xNUlN,bZECp,eFxqB,jZan4,yM8o2\"><span class=\"brz-cp-color7\" style=\"opacity: 1; color: rgb(28, 28, 28);\">Kitesurfing equipment costs money\u2014and money is hard-earned! With a few care tips, you can significantly extend the gear\u2019s life.<\/span><\/p>\n<p class=\"brz-tp-lg-paragraph brz-css-erj4o\" data-generated-css=\"brz-css-eeGMt,brz-css-eDXuJ,brz-css-vGLYx,brz-css-ql1z4,brz-css-foDu8,brz-css-zRNH8,brz-css-jfyaT,brz-css-fGkDr,brz-css-iYGTh\" data-uniq-id=\"x34Ox,aF68E,yVcP9,j31Gu,xNUlN,bZECp,eFxqB,jZan4,yM8o2\"><\/p>\n<p class=\"brz-tp-lg-paragraph brz-css-jM4IU\" data-generated-css=\"brz-css-eeGMt,brz-css-eDXuJ,brz-css-vGLYx,brz-css-ql1z4,brz-css-foDu8,brz-css-zRNH8,brz-css-jfyaT,brz-css-fGkDr,brz-css-iYGTh\" data-uniq-id=\"x34Ox,aF68E,yVcP9,j31Gu,xNUlN,bZECp,eFxqB,jZan4,yM8o2\"><span class=\"brz-cp-color7\" style=\"opacity: 1; color: rgb(28, 28, 28);\">After each kite session, either wrap the lines around the bar or lay them neatly stretched&nbsp;<\/span><\/p>\n<p class=\"brz-tp-lg-paragraph brz-css-cp6np\" data-generated-css=\"brz-css-eeGMt,brz-css-eDXuJ,brz-css-vGLYx,brz-css-ql1z4,brz-css-foDu8,brz-css-zRNH8,brz-css-jfyaT,brz-css-fGkDr,brz-css-iYGTh\" data-uniq-id=\"x34Ox,aF68E,yVcP9,j31Gu,xNUlN,bZECp,eFxqB,jZan4,yM8o2\"><span class=\"brz-cp-color7\" style=\"opacity: 1; color: rgb(28, 28, 28);\">on the ground. Lines can tangle in seconds and take hours to untangle.<\/span><\/p>\n<p class=\"brz-tp-lg-paragraph brz-css-uM07H\" data-generated-css=\"brz-css-iYGTh\" data-uniq-id=\"yM8o2\"><span class=\"brz-cp-color7\" style=\"opacity: 1; color: rgb(28, 28, 28);\">Never store your kite while it\u2019s wet, as the fabric may develop mold and deteriorate.<\/span><\/p>\n<\/div>\n<\/div>\n<\/div>\n<\/div>\n<\/div>\n<\/div>\n<\/div>\n<\/div>\n<\/div>\n<\/section>\n<\/div>\n<p>    <!-- version:1750760044 --><\/p>\n","protected":false},"excerpt":{"rendered":"<p>How to Take Care of Kitesurf Equipment Here are some tips on how to properly take care of your kitesurf<span class=\"more-dots\">&#8230;<\/span><\/p>\n","protected":false},"author":251,"featured_media":0,"parent":0,"menu_order":0,"comment_status":"closed","ping_status":"closed","template":"brizy-blank-template.php","meta":{"_joinchat":[],"footnotes":""},"class_list":["post-13478","page","type-page","status-publish","hentry","no-post-thumbnail"],"yoast_head":"<!-- This site is optimized with the Yoast SEO plugin v27.5 - https:\/\/yoast.com\/product\/yoast-seo-wordpress\/ -->\n<title>Como tratar o Equipamento de Kitesurf - Katavento<\/title>\n<meta name=\"description\" content=\"Aprende as melhores dicas de manuten\u00e7\u00e3o para o teu material. Sabe como lavar, guardar e proteger o teu kite e barras para maximizar a sua vida \u00fatil. Entra e confere!\" \/>\n<meta name=\"robots\" content=\"index, follow, max-snippet:-1, max-image-preview:large, max-video-preview:-1\" \/>\n<link rel=\"canonical\" href=\"https:\/\/katavento.pt\/en\/katavento-pt-tratar-o-equipamento-de-kitesurf\/\" \/>\n<meta property=\"og:locale\" content=\"en_US\" \/>\n<meta property=\"og:type\" content=\"article\" \/>\n<meta property=\"og:title\" content=\"Como tratar o Equipamento de Kitesurf - Katavento\" \/>\n<meta property=\"og:description\" content=\"Aprende as melhores dicas de manuten\u00e7\u00e3o para o teu material. Sabe como lavar, guardar e proteger o teu kite e barras para maximizar a sua vida \u00fatil. Entra e confere!\" \/>\n<meta property=\"og:url\" content=\"https:\/\/katavento.pt\/en\/katavento-pt-tratar-o-equipamento-de-kitesurf\/\" \/>\n<meta property=\"og:site_name\" content=\"Katavento\" \/>\n<meta property=\"article:publisher\" content=\"https:\/\/www.facebook.com\/Kataventoportugal\" \/>\n<meta property=\"article:modified_time\" content=\"2026-05-14T00:21:14+00:00\" \/>\n<meta name=\"twitter:card\" content=\"summary_large_image\" \/>\n<meta name=\"twitter:label1\" content=\"Est. reading time\" \/>\n\t<meta name=\"twitter:data1\" content=\"2 minutes\" \/>\n<script type=\"application\/ld+json\" class=\"yoast-schema-graph\">{\"@context\":\"https:\\\/\\\/schema.org\",\"@graph\":[{\"@type\":\"WebPage\",\"@id\":\"https:\\\/\\\/katavento.pt\\\/en\\\/katavento-pt-tratar-o-equipamento-de-kitesurf\\\/\",\"url\":\"https:\\\/\\\/katavento.pt\\\/en\\\/katavento-pt-tratar-o-equipamento-de-kitesurf\\\/\",\"name\":\"Como tratar o Equipamento de Kitesurf - Katavento\",\"isPartOf\":{\"@id\":\"https:\\\/\\\/katavento.pt\\\/#website\"},\"datePublished\":\"2026-05-14T00:21:13+00:00\",\"dateModified\":\"2026-05-14T00:21:14+00:00\",\"description\":\"Aprende as melhores dicas de manuten\u00e7\u00e3o para o teu material. Sabe como lavar, guardar e proteger o teu kite e barras para maximizar a sua vida \u00fatil. Entra e confere!\",\"breadcrumb\":{\"@id\":\"https:\\\/\\\/katavento.pt\\\/en\\\/katavento-pt-tratar-o-equipamento-de-kitesurf\\\/#breadcrumb\"},\"inLanguage\":\"en-US\",\"potentialAction\":[{\"@type\":\"ReadAction\",\"target\":[\"https:\\\/\\\/katavento.pt\\\/en\\\/katavento-pt-tratar-o-equipamento-de-kitesurf\\\/\"]}]},{\"@type\":\"BreadcrumbList\",\"@id\":\"https:\\\/\\\/katavento.pt\\\/en\\\/katavento-pt-tratar-o-equipamento-de-kitesurf\\\/#breadcrumb\",\"itemListElement\":[{\"@type\":\"ListItem\",\"position\":1,\"name\":\"Home\",\"item\":\"https:\\\/\\\/katavento.pt\\\/en\\\/\"},{\"@type\":\"ListItem\",\"position\":2,\"name\":\"Tratar o Equipamento de Kitesurf (1)\"}]},{\"@type\":\"WebSite\",\"@id\":\"https:\\\/\\\/katavento.pt\\\/#website\",\"url\":\"https:\\\/\\\/katavento.pt\\\/\",\"name\":\"Katavento\",\"description\":\"BELA VISTA Kite Beach\",\"publisher\":{\"@id\":\"https:\\\/\\\/katavento.pt\\\/#organization\"},\"potentialAction\":[{\"@type\":\"SearchAction\",\"target\":{\"@type\":\"EntryPoint\",\"urlTemplate\":\"https:\\\/\\\/katavento.pt\\\/?s={search_term_string}\"},\"query-input\":{\"@type\":\"PropertyValueSpecification\",\"valueRequired\":true,\"valueName\":\"search_term_string\"}}],\"inLanguage\":\"en-US\"},{\"@type\":\"Organization\",\"@id\":\"https:\\\/\\\/katavento.pt\\\/#organization\",\"name\":\"Katavento\",\"url\":\"https:\\\/\\\/katavento.pt\\\/\",\"logo\":{\"@type\":\"ImageObject\",\"inLanguage\":\"en-US\",\"@id\":\"https:\\\/\\\/katavento.pt\\\/#\\\/schema\\\/logo\\\/image\\\/\",\"url\":\"https:\\\/\\\/katavento.pt\\\/wp-content\\\/uploads\\\/2026\\\/05\\\/Untitled-6.jpg\",\"contentUrl\":\"https:\\\/\\\/katavento.pt\\\/wp-content\\\/uploads\\\/2026\\\/05\\\/Untitled-6.jpg\",\"width\":355,\"height\":311,\"caption\":\"Katavento\"},\"image\":{\"@id\":\"https:\\\/\\\/katavento.pt\\\/#\\\/schema\\\/logo\\\/image\\\/\"},\"sameAs\":[\"https:\\\/\\\/www.facebook.com\\\/Kataventoportugal\",\"https:\\\/\\\/www.instagram.com\\\/kataventoportugal\"]}]}<\/script>\n<!-- \/ Yoast SEO plugin. -->","yoast_head_json":{"title":"Como tratar o Equipamento de Kitesurf - Katavento","description":"Aprende as melhores dicas de manuten\u00e7\u00e3o para o teu material. Sabe como lavar, guardar e proteger o teu kite e barras para maximizar a sua vida \u00fatil. Entra e confere!","robots":{"index":"index","follow":"follow","max-snippet":"max-snippet:-1","max-image-preview":"max-image-preview:large","max-video-preview":"max-video-preview:-1"},"canonical":"https:\/\/katavento.pt\/en\/katavento-pt-tratar-o-equipamento-de-kitesurf\/","og_locale":"en_US","og_type":"article","og_title":"Como tratar o Equipamento de Kitesurf - Katavento","og_description":"Aprende as melhores dicas de manuten\u00e7\u00e3o para o teu material. Sabe como lavar, guardar e proteger o teu kite e barras para maximizar a sua vida \u00fatil. Entra e confere!","og_url":"https:\/\/katavento.pt\/en\/katavento-pt-tratar-o-equipamento-de-kitesurf\/","og_site_name":"Katavento","article_publisher":"https:\/\/www.facebook.com\/Kataventoportugal","article_modified_time":"2026-05-14T00:21:14+00:00","twitter_card":"summary_large_image","twitter_misc":{"Est. reading time":"2 minutes"},"schema":{"@context":"https:\/\/schema.org","@graph":[{"@type":"WebPage","@id":"https:\/\/katavento.pt\/en\/katavento-pt-tratar-o-equipamento-de-kitesurf\/","url":"https:\/\/katavento.pt\/en\/katavento-pt-tratar-o-equipamento-de-kitesurf\/","name":"Como tratar o Equipamento de Kitesurf - Katavento","isPartOf":{"@id":"https:\/\/katavento.pt\/#website"},"datePublished":"2026-05-14T00:21:13+00:00","dateModified":"2026-05-14T00:21:14+00:00","description":"Aprende as melhores dicas de manuten\u00e7\u00e3o para o teu material. Sabe como lavar, guardar e proteger o teu kite e barras para maximizar a sua vida \u00fatil. Entra e confere!","breadcrumb":{"@id":"https:\/\/katavento.pt\/en\/katavento-pt-tratar-o-equipamento-de-kitesurf\/#breadcrumb"},"inLanguage":"en-US","potentialAction":[{"@type":"ReadAction","target":["https:\/\/katavento.pt\/en\/katavento-pt-tratar-o-equipamento-de-kitesurf\/"]}]},{"@type":"BreadcrumbList","@id":"https:\/\/katavento.pt\/en\/katavento-pt-tratar-o-equipamento-de-kitesurf\/#breadcrumb","itemListElement":[{"@type":"ListItem","position":1,"name":"Home","item":"https:\/\/katavento.pt\/en\/"},{"@type":"ListItem","position":2,"name":"Tratar o Equipamento de Kitesurf (1)"}]},{"@type":"WebSite","@id":"https:\/\/katavento.pt\/#website","url":"https:\/\/katavento.pt\/","name":"Katavento","description":"BELA VISTA Kite Beach","publisher":{"@id":"https:\/\/katavento.pt\/#organization"},"potentialAction":[{"@type":"SearchAction","target":{"@type":"EntryPoint","urlTemplate":"https:\/\/katavento.pt\/?s={search_term_string}"},"query-input":{"@type":"PropertyValueSpecification","valueRequired":true,"valueName":"search_term_string"}}],"inLanguage":"en-US"},{"@type":"Organization","@id":"https:\/\/katavento.pt\/#organization","name":"Katavento","url":"https:\/\/katavento.pt\/","logo":{"@type":"ImageObject","inLanguage":"en-US","@id":"https:\/\/katavento.pt\/#\/schema\/logo\/image\/","url":"https:\/\/katavento.pt\/wp-content\/uploads\/2026\/05\/Untitled-6.jpg","contentUrl":"https:\/\/katavento.pt\/wp-content\/uploads\/2026\/05\/Untitled-6.jpg","width":355,"height":311,"caption":"Katavento"},"image":{"@id":"https:\/\/katavento.pt\/#\/schema\/logo\/image\/"},"sameAs":["https:\/\/www.facebook.com\/Kataventoportugal","https:\/\/www.instagram.com\/kataventoportugal"]}]}},"brizy_media":[],"_links":{"self":[{"href":"https:\/\/katavento.pt\/en\/wp-json\/wp\/v2\/pages\/13478","targetHints":{"allow":["GET"]}}],"collection":[{"href":"https:\/\/katavento.pt\/en\/wp-json\/wp\/v2\/pages"}],"about":[{"href":"https:\/\/katavento.pt\/en\/wp-json\/wp\/v2\/types\/page"}],"author":[{"embeddable":true,"href":"https:\/\/katavento.pt\/en\/wp-json\/wp\/v2\/users\/251"}],"replies":[{"embeddable":true,"href":"https:\/\/katavento.pt\/en\/wp-json\/wp\/v2\/comments?post=13478"}],"version-history":[{"count":13,"href":"https:\/\/katavento.pt\/en\/wp-json\/wp\/v2\/pages\/13478\/revisions"}],"predecessor-version":[{"id":19721,"href":"https:\/\/katavento.pt\/en\/wp-json\/wp\/v2\/pages\/13478\/revisions\/19721"}],"wp:attachment":[{"href":"https:\/\/katavento.pt\/en\/wp-json\/wp\/v2\/media?parent=13478"}],"curies":[{"name":"wp","href":"https:\/\/api.w.org\/{rel}","templated":true}]}}