{"id":455,"date":"2017-03-18T00:35:00","date_gmt":"2017-03-18T00:35:00","guid":{"rendered":"http:\/\/katavento.pt\/tratar-equipamento-kitesurf\/"},"modified":"2025-10-02T11:10:20","modified_gmt":"2025-10-02T11:10:20","slug":"treating-the-kitesurfing-equipment","status":"publish","type":"page","link":"https:\/\/katavento.pt\/en\/treating-the-kitesurfing-equipment\/","title":{"rendered":"Treating the Kitesurfing Equipment"},"content":{"rendered":"<div class=\"brz-root__container brz-reset-all brz brz-root__container-page\">\n<section id=\"695329e273230463cf99_sliutnhudehlxuvedbbnebuckqhmtlsesbym\" class=\"brz-section brz-css-x87qaj brz-css-xdu9xw\">\n<div class=\"brz-section__content brz-section--fullWidth brz-css-ly5tpe brz-css-1o6or9n\" data-brz-custom-id=\"vinuqhciuvxmorxphcvamvhyejfsmhpbhbdo\">\n<div class=\"brz-bg\">\n<div class=\"brz-bg-image\"><\/div>\n<div class=\"brz-bg-color\"><\/div>\n<\/div>\n<div class=\"brz-container brz-css-n740i7 brz-css-fe4bkm\">\n<div class=\"brz-row__container brz-css-1cufgoc brz-css-vnbebt\" data-brz-custom-id=\"thrkunyyzewkdmqajoimfgzgnxjsgjclsidt\">\n<div class=\"brz-row brz-css-tv69vy brz-css-15cxa7v brz-css-4tn1xv\">\n<div class=\"brz-columns brz-css-17a6wab brz-css-10ajbas\" data-brz-custom-id=\"jilkdosupvpkjxekvfycytlidzpjnshkkcjs\">\n<div class=\"brz-column__items brz-css-pjoym2 brz-css-1cdavrz\">\n<div id=\"\" class=\"brz-css-awlfd9 brz-css-pjpvw9 brz-wrapper\">\n<div class=\"brz-rich-text brz-rich-text__custom brz-css-18kdn47 brz-css-askdkx\" data-brz-custom-id=\"hpevpdnkgaqjedfxzoncvdbictjzzumjefzn\">\n<div data-brz-translate-text=\"1\">\n<h1 class=\"brz-text-lg-left brz-tp-lg-heading1 brz-css-mk5Wu\" data-generated-css=\"brz-css-dnZAY\" data-uniq-id=\"iOzUw\"><span class=\"brz-cp-color8\" style=\"opacity: 1\">How to treat<\/span><\/h1>\n<h1 class=\"brz-mb-xs-0 brz-text-lg-left brz-tp-lg-heading1 brz-css-jzWgu\" data-generated-css=\"brz-css-vvgyZ\" data-uniq-id=\"jux7w\"><span class=\"brz-cp-color5\" style=\"opacity: 1\">the Kitesurfing Equipment<\/span><\/h1>\n<\/div>\n<\/div>\n<\/div>\n<\/div>\n<\/div>\n<\/div>\n<\/div>\n<\/div>\n<\/div>\n<\/section>\n<section id=\"a1f02d2746039a38ba71_younywhaahtoebtpikaybawnwxdyiuimxjck\" class=\"brz-section brz-css-x87qaj brz-css-1a7i9pi\">\n<div class=\"brz-section__content brz-section--fullWidth brz-css-ly5tpe brz-css-7xi2gf\" data-brz-custom-id=\"milvclzhdgfrekxfdtujkebthgsmtcghzyqs\">\n<div class=\"brz-bg\">\n<div class=\"brz-bg-image\"><\/div>\n<\/div>\n<div class=\"brz-container brz-css-n740i7 brz-css-1h9q36v\">\n<div class=\"brz-row__container brz-css-1cufgoc brz-css-14yjsgg\" data-brz-custom-id=\"todzjnpeexifbwgugdtpfpazinjhuxoextud\">\n<div class=\"brz-row brz-css-tv69vy brz-css-1hkonu7\">\n<div class=\"brz-columns brz-css-17a6wab brz-css-olzi51\" data-brz-custom-id=\"afpdqwamgzvsatqkdsdnrzngatxzcsjnekzc\">\n<div class=\"brz-column__items brz-css-pjoym2 brz-css-94vw81\">\n<div id=\"\" class=\"brz-css-awlfd9 brz-css-1aezrh brz-wrapper\">\n<div class=\"brz-rich-text brz-rich-text__custom brz-css-18kdn47 brz-css-1e13z25\" data-brz-custom-id=\"ijpdqcfwkbjakpebdkfsslxzstrhgdcyaspq\">\n<div data-brz-translate-text=\"1\">\n<h2 class=\"brz-tp-sm-psrciusbdvledwcawqqhuqnrujywvrdebyoz brz-tp-lg-psrciusbdvledwcawqqhuqnrujywvrdebyoz brz-lh-lg-1 brz-ls-lg-m_0_9 brz-fw-lg-600 brz-fss-lg-px brz-fs-lg-27 brz-ft-google brz-ff-rubik brz-mb-lg-0 brz-tp-xs-psrciusbdvledwcawqqhuqnrujywvrdebyoz brz-css-wzYjs\" data-uniq-id=\"pfbZd\" data-generated-css=\"brz-css-bfHHj\"><span class=\"brz-cp-color2\" style=\"opacity: 1\">Deixamos-te aqui algumas dicas de como deves tratar o equipamento de kitesurf.<\/span><\/h2>\n<h2 class=\"brz-tp-sm-psrciusbdvledwcawqqhuqnrujywvrdebyoz brz-tp-lg-empty brz-ff-rubik brz-ft-google brz-fs-lg-27 brz-fss-lg-px brz-fw-lg-500 brz-ls-lg-m_0_8 brz-lh-lg-1_3 brz-mb-lg-15 brz-tp-xs-psrciusbdvledwcawqqhuqnrujywvrdebyoz brz-css-gzRFp\" data-uniq-id=\"iNIKk\" data-generated-css=\"brz-css-u1Vel\"><span class=\"brz-cp-color2\" style=\"opacity: 1\">Incorpora tantas dicas quanto poss\u00edvel para maximizar o tempo de vida do material.&nbsp;<\/span><\/h2>\n<\/div>\n<\/div>\n<\/div>\n<\/div>\n<\/div>\n<\/div>\n<\/div>\n<div class=\"brz-row__container brz-css-1cufgoc brz-css-3t4npp\" data-brz-custom-id=\"aqghpqoxunnbyrwqoauuyidzmuykbuxykvmg\">\n<div class=\"brz-row brz-css-tv69vy brz-css-17lclji\">\n<div class=\"brz-columns brz-css-17a6wab brz-css-d3e00d\" data-brz-custom-id=\"ytzcomgnsfwvyibuhyaeffnshcyyftdctpcu\">\n<div class=\"brz-column__items brz-css-pjoym2 brz-css-e7f59p\">\n<div id=\"\" class=\"brz-css-awlfd9 brz-css-z62epg brz-wrapper\">\n<div class=\"brz-rich-text brz-rich-text__custom brz-css-18kdn47 brz-css-nj5hwn\" data-brz-custom-id=\"egloziubtcgfpqoxdopkjijrawhtcmdsdvmr\">\n<div data-brz-translate-text=\"1\">\n<p class=\"brz-mb-lg-0 brz-tp-lg-paragraph brz-text-lg-left brz-css-cqqhe\" data-uniq-id=\"zqvpi\" data-generated-css=\"brz-css-pnhgc\"><span class=\"brz-cp-color7\" style=\"opacity: 1\">Se n\u00e3o fores utilizar o teu kite, protege-o do sol. Com o tempo, os raios solares desbotam e enfraquecem o tecido e as costuras. Sob o sol muito quente, boias com muitas press\u00e3o podem estoirar.<\/span><\/p>\n<p class=\"brz-mb-lg-0 brz-tp-lg-paragraph brz-text-lg-left brz-css-r5mad\" data-uniq-id=\"rvpwb\" data-generated-css=\"brz-css-ohvml\"><span class=\"brz-cp-color7\" style=\"opacity: 1\"> <\/span><\/p>\n<p class=\"brz-mb-lg-0 brz-tp-lg-paragraph brz-text-lg-left brz-css-f7Rf9\" data-uniq-id=\"spwjy\" data-generated-css=\"brz-css-yfwzn\"><span class=\"brz-cp-color7\" style=\"opacity: 1\">Desata qualquer n\u00f3 da linha antes de voares com o teu kite. Elas enfraquecem-nas e fazem-nas romper.. <\/span><\/p>\n<p class=\"brz-mb-lg-0 brz-tp-lg-paragraph brz-text-lg-left brz-css-d8FGd\" data-uniq-id=\"wizvn\" data-generated-css=\"brz-css-ydyzt\"><span class=\"brz-cp-color7\" style=\"opacity: 1\"> <\/span><\/p>\n<p class=\"brz-mb-lg-0 brz-tp-lg-paragraph brz-text-lg-left brz-css-gAWic\" data-uniq-id=\"xulrc\" data-generated-css=\"brz-css-jhytw\"><span class=\"brz-cp-color7\" style=\"opacity: 1\">Pancadas com o kite no ch\u00e3o ou na \u00e1gua causam o estoiro das boias ou rasgo nos tecidos. Se a queda for inevit\u00e1vel e est\u00e1s a utilizar um leash de seguran\u00e7a, solta a barra para aliviar o impacto.<\/span><\/p>\n<p class=\"brz-mb-lg-0 brz-tp-lg-paragraph brz-text-lg-left brz-css-m0vTf\" data-uniq-id=\"mdzoz\" data-generated-css=\"brz-css-rdxds\"><span class=\"brz-cp-color7\" style=\"opacity: 1\"> <\/span><\/p>\n<p class=\"brz-mb-lg-0 brz-tp-lg-paragraph brz-text-lg-left brz-css-rX_G5\" data-uniq-id=\"qwamw\" data-generated-css=\"brz-css-jyzql\"><span class=\"brz-cp-color7\" style=\"opacity: 1\">Na praia n\u00e3o exponhas as boias, ou abras as c\u00e2maras. A areia que entra \u00e9 muito abrasiva e com a press\u00e3o pode criar micro furos nas boias. Evita tamb\u00e9m a entrada de \u00e1gua e areia pelas v\u00e1lvulas. Mantendo-as sempre fechadas.<\/span><\/p>\n<p class=\"brz-mb-lg-0 brz-tp-lg-paragraph brz-text-lg-left brz-css-o70Ik\" data-uniq-id=\"qwamw\" data-generated-css=\"brz-css-jyzql\"><span class=\"brz-cp-color7\" style=\"opacity: 1\"> <\/span><\/p>\n<p class=\"brz-mb-lg-0 brz-tp-lg-paragraph brz-text-lg-left brz-css-l8L7a\" data-uniq-id=\"qwamw\" data-generated-css=\"brz-css-jyzql\"><span class=\"brz-cp-color7\" style=\"opacity: 1\">Se o teu kite rasgar interrompe a sess\u00e3o e providencia o seu conserto. (n\u00f3s possu\u00edmos esse servi\u00e7o). Caso contr\u00e1rio o rasgo ir\u00e1 aumentar e inutilizar o kite. <\/span><\/p>\n<\/div>\n<\/div>\n<\/div>\n<\/div>\n<\/div>\n<div class=\"brz-columns brz-css-17a6wab brz-css-18s6z4u\" data-brz-custom-id=\"uxoibywnaehahtujpqcblcplugztfefjinlq\">\n<div class=\"brz-column__items brz-css-pjoym2 brz-css-u58y24\">\n<div id=\"\" class=\"brz-css-awlfd9 brz-css-1luibfa brz-wrapper\">\n<div class=\"brz-rich-text brz-rich-text__custom brz-css-18kdn47 brz-css-1cgq0t3\" data-brz-custom-id=\"fhtiwmbodevzbwpvaamqldvweivhfbrgzeqm\">\n<div data-brz-translate-text=\"1\">\n<p class=\"brz-tp-lg-paragraph brz-css-mW53W\" data-uniq-id=\"ddgdw\" data-generated-css=\"brz-css-dsdqj\"><span class=\"brz-cp-color7\" style=\"opacity: 1\">Ap\u00f3s o uso lava sempre a tua barra e linhas com \u00e1gua doce e deixa a secar \u00e0 sombra.<\/span><\/p>\n<p class=\"brz-tp-lg-paragraph brz-css-m2kGF\" data-uniq-id=\"qsdmy\" data-generated-css=\"brz-css-eixen\"><span class=\"brz-cp-color7\" style=\"opacity: 1\"> <\/span><\/p>\n<p class=\"brz-tp-lg-paragraph brz-css-ywzjG\" data-uniq-id=\"thbiy\" data-generated-css=\"brz-css-kmzli\"><span class=\"brz-cp-color7\" style=\"opacity: 1\">Enrola as linhas em \u201c8\u201d para que elas n\u00e3o fiquem torcidas. Linhas torcidas embara\u00e7am-se mais facilmente.<\/span><\/p>\n<p class=\"brz-tp-lg-paragraph brz-css-hsqcG\" data-uniq-id=\"zedxm\" data-generated-css=\"brz-css-gkjnr\"><span class=\"brz-cp-color7\" style=\"opacity: 1\"> <\/span><\/p>\n<p class=\"brz-tp-lg-paragraph brz-css-anf8e\" data-uniq-id=\"umvgh\" data-generated-css=\"brz-css-hkzhn\"><span class=\"brz-cp-color7\" style=\"opacity: 1\">O equipamento de kitesurf custa dinheiro: que por sua vez custa a ganhar! Se tu seguires algumas dicas e cuidados, podes prolongar a vida \u00fatil do mesmo.<\/span><\/p>\n<p class=\"brz-tp-lg-paragraph brz-css-jrseW\" data-uniq-id=\"ujeiy\" data-generated-css=\"brz-css-ckvmn\"><span class=\"brz-cp-color7\" style=\"opacity: 1\"> <\/span><\/p>\n<p class=\"brz-tp-lg-paragraph brz-css-qqcm4\" data-uniq-id=\"atitx\" data-generated-css=\"brz-css-mtbzp\"><span class=\"brz-cp-color7\" style=\"opacity: 1\">Sempre que acabas uma sess\u00e3o de kite enrola as linhas na barra ou deixa-as bem esticadas no ch\u00e3o. As linhas embara\u00e7am-se em segundos e demoram horas para se desembara\u00e7ar.<\/span><\/p>\n<p class=\"brz-tp-lg-paragraph brz-css-c_zMA\" data-uniq-id=\"atitx\" data-generated-css=\"brz-css-mtbzp\"><span class=\"brz-cp-color7\" style=\"opacity: 1\"> <\/span><\/p>\n<p class=\"brz-tp-lg-paragraph brz-css-mizaU\" data-uniq-id=\"atitx\" data-generated-css=\"brz-css-mtbzp\"><span class=\"brz-cp-color7\" style=\"opacity: 1\">N\u00e3o guardes o teu kite molhado, pois o tecido pode ganhar mofo e deteriorar-se. <\/span><\/p>\n<\/div>\n<\/div>\n<\/div>\n<\/div>\n<\/div>\n<\/div>\n<\/div>\n<\/div>\n<\/div>\n<\/section>\n<\/div>\n<p>    <!-- version:1750790603 --><\/p>\n","protected":false},"excerpt":{"rendered":"<p>How to treat the Kitesurfing Equipment Deixamos-te aqui algumas dicas de como deves tratar o equipamento de kitesurf. Incorpora tantas<span class=\"more-dots\">&#8230;<\/span><\/p>\n","protected":false},"author":1,"featured_media":0,"parent":0,"menu_order":0,"comment_status":"closed","ping_status":"closed","template":"brizy-blank-template.php","meta":{"footnotes":""},"class_list":["post-455","page","type-page","status-publish","hentry","no-post-thumbnail"],"brizy_media":[],"_links":{"self":[{"href":"https:\/\/katavento.pt\/en\/wp-json\/wp\/v2\/pages\/455","targetHints":{"allow":["GET"]}}],"collection":[{"href":"https:\/\/katavento.pt\/en\/wp-json\/wp\/v2\/pages"}],"about":[{"href":"https:\/\/katavento.pt\/en\/wp-json\/wp\/v2\/types\/page"}],"author":[{"embeddable":true,"href":"https:\/\/katavento.pt\/en\/wp-json\/wp\/v2\/users\/1"}],"replies":[{"embeddable":true,"href":"https:\/\/katavento.pt\/en\/wp-json\/wp\/v2\/comments?post=455"}],"version-history":[{"count":14,"href":"https:\/\/katavento.pt\/en\/wp-json\/wp\/v2\/pages\/455\/revisions"}],"predecessor-version":[{"id":19224,"href":"https:\/\/katavento.pt\/en\/wp-json\/wp\/v2\/pages\/455\/revisions\/19224"}],"wp:attachment":[{"href":"https:\/\/katavento.pt\/en\/wp-json\/wp\/v2\/media?parent=455"}],"curies":[{"name":"wp","href":"https:\/\/api.w.org\/{rel}","templated":true}]}}